{"id":2,"date":"2025-12-19T09:16:28","date_gmt":"2025-12-19T09:16:28","guid":{"rendered":"https:\/\/anai-bi.rkinformatika.online\/?page_id=2"},"modified":"2025-12-19T11:14:19","modified_gmt":"2025-12-19T11:14:19","slug":"inicio","status":"publish","type":"page","link":"https:\/\/anai-bi.com\/eu\/","title":{"rendered":"Hasiera"},"content":{"rendered":"\t\t<div data-elementor-type=\"wp-page\" data-elementor-id=\"2\" class=\"elementor elementor-2\" data-elementor-post-type=\"page\">\n\t\t\t\t<div class=\"elementor-element elementor-element-af0d20e e-con-full e-flex elementor-invisible e-con e-parent\" data-id=\"af0d20e\" data-element_type=\"container\" data-e-type=\"container\" data-settings=\"{&quot;background_background&quot;:&quot;classic&quot;,&quot;background_motion_fx_motion_fx_scrolling&quot;:&quot;yes&quot;,&quot;animation&quot;:&quot;fadeIn&quot;,&quot;background_motion_fx_devices&quot;:[&quot;desktop&quot;,&quot;tablet&quot;,&quot;mobile&quot;]}\">\n\t\t<div class=\"elementor-element elementor-element-13910bc e-flex e-con-boxed e-con e-child\" data-id=\"13910bc\" data-element_type=\"container\" data-e-type=\"container\">\n\t\t\t\t\t<div class=\"e-con-inner\">\n\t\t\t\t<div class=\"elementor-element elementor-element-8d0099b animated-slow elementor-widget__width-initial elementor-invisible elementor-widget elementor-widget-heading\" data-id=\"8d0099b\" data-element_type=\"widget\" data-e-type=\"widget\" data-settings=\"{&quot;_animation&quot;:&quot;fadeInDown&quot;}\" data-widget_type=\"heading.default\">\n\t\t\t\t\t<h2 class=\"elementor-heading-title elementor-size-default\">35 a\u00f1os de historia. 20 a\u00f1os especializados en pinchos morunos.<\/h2>\t\t\t\t<\/div>\n\t\t\t\t\t<\/div>\n\t\t\t\t<\/div>\n\t\t\t\t<\/div>\n\t\t<div class=\"elementor-element elementor-element-b16c73c e-flex e-con-boxed e-con e-parent\" data-id=\"b16c73c\" data-element_type=\"container\" data-e-type=\"container\">\n\t\t\t\t\t<div class=\"e-con-inner\">\n\t\t<div class=\"elementor-element elementor-element-bab817d e-con-full e-flex elementor-invisible e-con e-child\" data-id=\"bab817d\" data-element_type=\"container\" data-e-type=\"container\" data-settings=\"{&quot;animation&quot;:&quot;fadeInLeft&quot;}\">\n\t\t<div class=\"elementor-element elementor-element-0d0dae0 e-con-full e-flex e-con e-child\" data-id=\"0d0dae0\" data-element_type=\"container\" data-e-type=\"container\">\n\t\t\t\t<div class=\"elementor-element elementor-element-04a1316 elementor-widget elementor-widget-heading\" data-id=\"04a1316\" data-element_type=\"widget\" data-e-type=\"widget\" data-widget_type=\"heading.default\">\n\t\t\t\t\t<h2 class=\"elementor-heading-title elementor-size-default\">Qui\u00e9nes somos<\/h2>\t\t\t\t<\/div>\n\t\t\t\t<div class=\"elementor-element elementor-element-06738e1 elementor-widget-mobile__width-initial elementor-widget elementor-widget-text-editor\" data-id=\"06738e1\" data-element_type=\"widget\" data-e-type=\"widget\" data-widget_type=\"text-editor.default\">\n\t\t\t\t\t\t\t\t\t<p>En Bar Anai-Bi somos un peque\u00f1o negocio familiar con m\u00e1s de 35 a\u00f1os de experiencia en la hosteler\u00eda, de los cuales 20 a\u00f1os los hemos dedicado en este local a lo que mejor sabemos hacer: la elaboraci\u00f3n de pinchos morunos.<\/p><p>Nuestra especialidad son las brochetas de carne de ternera a la brasa, preparadas con mimo, tradici\u00f3n y el sabor aut\u00e9ntico que nos ha acompa\u00f1ado durante generaciones. Cada pincho refleja nuestra pasi\u00f3n por la cocina sencilla, bien hecha y llena de car\u00e1cter.<\/p><p>Acompa\u00f1amos nuestros pinchos con una amplia variedad de bebidas, creando un ambiente cercano y acogedor donde vecinos y visitantes se sienten como en casa.<\/p><p>Nos encontrar\u00e1s en Antonio Trueba 13, LJ2, 48970 Basauri (Bizkaia), siempre con la parrilla encendida y las puertas abiertas para ofrecerte una experiencia aut\u00e9ntica y llena de sabor.<\/p>\t\t\t\t\t\t\t\t<\/div>\n\t\t\t\t<\/div>\n\t\t\t\t<\/div>\n\t\t<div class=\"elementor-element elementor-element-a407cd4 e-con-full e-flex elementor-invisible e-con e-child\" data-id=\"a407cd4\" data-element_type=\"container\" data-e-type=\"container\" data-settings=\"{&quot;animation&quot;:&quot;fadeInRight&quot;}\">\n\t\t\t\t<div class=\"elementor-element elementor-element-0a7cdd5 elementor-widget elementor-widget-image\" data-id=\"0a7cdd5\" data-element_type=\"widget\" data-e-type=\"widget\" data-widget_type=\"image.default\">\n\t\t\t\t\t\t\t\t\t\t\t\t\t\t\t<img fetchpriority=\"high\" decoding=\"async\" width=\"1536\" height=\"1024\" src=\"https:\/\/anai-bi.com\/wp-content\/uploads\/2025\/12\/ChatGPT-Image-19-de-dez.-de-2025-11_34_09.png\" class=\"attachment-full size-full wp-image-127\" alt=\"\" srcset=\"https:\/\/anai-bi.com\/wp-content\/uploads\/2025\/12\/ChatGPT-Image-19-de-dez.-de-2025-11_34_09.png 1536w, https:\/\/anai-bi.com\/wp-content\/uploads\/2025\/12\/ChatGPT-Image-19-de-dez.-de-2025-11_34_09-300x200.png 300w, https:\/\/anai-bi.com\/wp-content\/uploads\/2025\/12\/ChatGPT-Image-19-de-dez.-de-2025-11_34_09-1024x683.png 1024w, https:\/\/anai-bi.com\/wp-content\/uploads\/2025\/12\/ChatGPT-Image-19-de-dez.-de-2025-11_34_09-768x512.png 768w, https:\/\/anai-bi.com\/wp-content\/uploads\/2025\/12\/ChatGPT-Image-19-de-dez.-de-2025-11_34_09-18x12.png 18w\" sizes=\"(max-width: 1536px) 100vw, 1536px\" \/>\t\t\t\t\t\t\t\t\t\t\t\t\t\t\t<\/div>\n\t\t\t\t<\/div>\n\t\t\t\t\t<\/div>\n\t\t\t\t<\/div>\n\t\t<div class=\"elementor-element elementor-element-9eb5103 e-con-full e-flex elementor-invisible e-con e-parent\" data-id=\"9eb5103\" data-element_type=\"container\" data-e-type=\"container\" data-settings=\"{&quot;background_background&quot;:&quot;classic&quot;,&quot;background_motion_fx_motion_fx_scrolling&quot;:&quot;yes&quot;,&quot;animation&quot;:&quot;fadeIn&quot;,&quot;background_motion_fx_devices&quot;:[&quot;desktop&quot;,&quot;tablet&quot;,&quot;mobile&quot;]}\">\n\t\t<div class=\"elementor-element elementor-element-0c237ad e-flex e-con-boxed e-con e-child\" data-id=\"0c237ad\" data-element_type=\"container\" data-e-type=\"container\">\n\t\t\t\t\t<div class=\"e-con-inner\">\n\t\t\t\t<div class=\"elementor-element elementor-element-8686202 animated-slow elementor-widget__width-initial elementor-invisible elementor-widget elementor-widget-heading\" data-id=\"8686202\" data-element_type=\"widget\" data-e-type=\"widget\" data-settings=\"{&quot;_animation&quot;:&quot;fadeInDown&quot;}\" data-widget_type=\"heading.default\">\n\t\t\t\t\t<h2 class=\"elementor-heading-title elementor-size-default\">M\u00e1s que un bar, pinchos morunos con historia y sabor.<\/h2>\t\t\t\t<\/div>\n\t\t\t\t\t<\/div>\n\t\t\t\t<\/div>\n\t\t\t\t<div class=\"elementor-element elementor-element-325c9b7 elementor-align-center animated-slow elementor-invisible elementor-widget elementor-widget-button\" data-id=\"325c9b7\" data-element_type=\"widget\" data-e-type=\"widget\" data-settings=\"{&quot;_animation&quot;:&quot;fadeInLeft&quot;}\" data-widget_type=\"button.default\">\n\t\t\t\t\t\t\t\t\t\t<a class=\"elementor-button elementor-button-link elementor-size-sm\" href=\"https:\/\/anai-bi.com\/servicios\/\">\n\t\t\t\t\t\t<span class=\"elementor-button-content-wrapper\">\n\t\t\t\t\t\t\t\t\t<span class=\"elementor-button-text\">SERVICIOS<\/span>\n\t\t\t\t\t<\/span>\n\t\t\t\t\t<\/a>\n\t\t\t\t\t\t\t\t<\/div>\n\t\t\t\t<\/div>\n\t\t\t\t<\/div>\n\t\t","protected":false},"excerpt":{"rendered":"<p>35 a\u00f1os de historia. 20 a\u00f1os especializados en pinchos morunos. Qui\u00e9nes somos En Bar Anai-Bi somos un peque\u00f1o negocio familiar con m\u00e1s de 35 a\u00f1os de experiencia en la hosteler\u00eda, de los cuales 20 a\u00f1os los hemos dedicado en este local a lo que mejor sabemos hacer: la elaboraci\u00f3n de pinchos morunos. Nuestra especialidad son [&hellip;]<\/p>\n","protected":false},"author":1,"featured_media":0,"parent":0,"menu_order":0,"comment_status":"closed","ping_status":"closed","template":"elementor_canvas","meta":{"footnotes":""},"class_list":["post-2","page","type-page","status-publish","hentry"],"yoast_head":"<!-- This site is optimized with the Yoast SEO plugin v27.3 - https:\/\/yoast.com\/product\/yoast-seo-wordpress\/ -->\n<title>Inicio - Anai-bi<\/title>\n<meta name=\"robots\" content=\"index, follow, max-snippet:-1, max-image-preview:large, max-video-preview:-1\" \/>\n<link rel=\"canonical\" href=\"https:\/\/anai-bi.com\/eu\/\" \/>\n<meta property=\"og:locale\" content=\"en_US\" \/>\n<meta property=\"og:type\" content=\"article\" \/>\n<meta property=\"og:title\" content=\"Inicio - Anai-bi\" \/>\n<meta property=\"og:description\" content=\"35 a\u00f1os de historia. 20 a\u00f1os especializados en pinchos morunos. Qui\u00e9nes somos En Bar Anai-Bi somos un peque\u00f1o negocio familiar con m\u00e1s de 35 a\u00f1os de experiencia en la hosteler\u00eda, de los cuales 20 a\u00f1os los hemos dedicado en este local a lo que mejor sabemos hacer: la elaboraci\u00f3n de pinchos morunos. Nuestra especialidad son [&hellip;]\" \/>\n<meta property=\"og:url\" content=\"https:\/\/anai-bi.com\/eu\/\" \/>\n<meta property=\"og:site_name\" content=\"Anai-bi\" \/>\n<meta property=\"article:modified_time\" content=\"2025-12-19T11:14:19+00:00\" \/>\n<meta property=\"og:image\" content=\"https:\/\/anai-bi.com\/wp-content\/uploads\/2025\/12\/ChatGPT-Image-19-de-dez.-de-2025-11_34_09-1024x683.png\" \/>\n\t<meta property=\"og:image:width\" content=\"1024\" \/>\n\t<meta property=\"og:image:height\" content=\"683\" \/>\n\t<meta property=\"og:image:type\" content=\"image\/png\" \/>\n<meta name=\"twitter:card\" content=\"summary_large_image\" \/>\n<meta name=\"twitter:label1\" content=\"Est. reading time\" \/>\n\t<meta name=\"twitter:data1\" content=\"1 minutua\" \/>\n<script type=\"application\/ld+json\" class=\"yoast-schema-graph\">{\"@context\":\"https:\\\/\\\/schema.org\",\"@graph\":[{\"@type\":\"WebPage\",\"@id\":\"https:\\\/\\\/anai-bi.com\\\/\",\"url\":\"https:\\\/\\\/anai-bi.com\\\/\",\"name\":\"Inicio - Anai-bi\",\"isPartOf\":{\"@id\":\"https:\\\/\\\/anai-bi.com\\\/#website\"},\"primaryImageOfPage\":{\"@id\":\"https:\\\/\\\/anai-bi.com\\\/#primaryimage\"},\"image\":{\"@id\":\"https:\\\/\\\/anai-bi.com\\\/#primaryimage\"},\"thumbnailUrl\":\"https:\\\/\\\/anai-bi.com\\\/wp-content\\\/uploads\\\/2025\\\/12\\\/ChatGPT-Image-19-de-dez.-de-2025-11_34_09.png\",\"datePublished\":\"2025-12-19T09:16:28+00:00\",\"dateModified\":\"2025-12-19T11:14:19+00:00\",\"breadcrumb\":{\"@id\":\"https:\\\/\\\/anai-bi.com\\\/#breadcrumb\"},\"inLanguage\":\"eu\",\"potentialAction\":[{\"@type\":\"ReadAction\",\"target\":[\"https:\\\/\\\/anai-bi.com\\\/\"]}]},{\"@type\":\"ImageObject\",\"inLanguage\":\"eu\",\"@id\":\"https:\\\/\\\/anai-bi.com\\\/#primaryimage\",\"url\":\"https:\\\/\\\/anai-bi.com\\\/wp-content\\\/uploads\\\/2025\\\/12\\\/ChatGPT-Image-19-de-dez.-de-2025-11_34_09.png\",\"contentUrl\":\"https:\\\/\\\/anai-bi.com\\\/wp-content\\\/uploads\\\/2025\\\/12\\\/ChatGPT-Image-19-de-dez.-de-2025-11_34_09.png\"},{\"@type\":\"BreadcrumbList\",\"@id\":\"https:\\\/\\\/anai-bi.com\\\/#breadcrumb\",\"itemListElement\":[{\"@type\":\"ListItem\",\"position\":1,\"name\":\"Portada\",\"item\":\"https:\\\/\\\/anai-bi.com\\\/\"},{\"@type\":\"ListItem\",\"position\":2,\"name\":\"Inicio\"}]},{\"@type\":\"WebSite\",\"@id\":\"https:\\\/\\\/anai-bi.com\\\/#website\",\"url\":\"https:\\\/\\\/anai-bi.com\\\/\",\"name\":\"Anai-bi\",\"description\":\"\",\"publisher\":{\"@id\":\"https:\\\/\\\/anai-bi.com\\\/#organization\"},\"potentialAction\":[{\"@type\":\"SearchAction\",\"target\":{\"@type\":\"EntryPoint\",\"urlTemplate\":\"https:\\\/\\\/anai-bi.com\\\/?s={search_term_string}\"},\"query-input\":{\"@type\":\"PropertyValueSpecification\",\"valueRequired\":true,\"valueName\":\"search_term_string\"}}],\"inLanguage\":\"eu\"},{\"@type\":\"Organization\",\"@id\":\"https:\\\/\\\/anai-bi.com\\\/#organization\",\"name\":\"Anai-bi\",\"url\":\"https:\\\/\\\/anai-bi.com\\\/\",\"logo\":{\"@type\":\"ImageObject\",\"inLanguage\":\"eu\",\"@id\":\"https:\\\/\\\/anai-bi.com\\\/#\\\/schema\\\/logo\\\/image\\\/\",\"url\":\"https:\\\/\\\/anai-bi.com\\\/wp-content\\\/uploads\\\/2025\\\/12\\\/cropped-baranaibi202506_logoarriba.jpg\",\"contentUrl\":\"https:\\\/\\\/anai-bi.com\\\/wp-content\\\/uploads\\\/2025\\\/12\\\/cropped-baranaibi202506_logoarriba.jpg\",\"width\":346,\"height\":222,\"caption\":\"Anai-bi\"},\"image\":{\"@id\":\"https:\\\/\\\/anai-bi.com\\\/#\\\/schema\\\/logo\\\/image\\\/\"}}]}<\/script>\n<!-- \/ Yoast SEO plugin. -->","yoast_head_json":{"title":"Inicio - Anai-bi","robots":{"index":"index","follow":"follow","max-snippet":"max-snippet:-1","max-image-preview":"max-image-preview:large","max-video-preview":"max-video-preview:-1"},"canonical":"https:\/\/anai-bi.com\/eu\/","og_locale":"en_US","og_type":"article","og_title":"Inicio - Anai-bi","og_description":"35 a\u00f1os de historia. 20 a\u00f1os especializados en pinchos morunos. Qui\u00e9nes somos En Bar Anai-Bi somos un peque\u00f1o negocio familiar con m\u00e1s de 35 a\u00f1os de experiencia en la hosteler\u00eda, de los cuales 20 a\u00f1os los hemos dedicado en este local a lo que mejor sabemos hacer: la elaboraci\u00f3n de pinchos morunos. Nuestra especialidad son [&hellip;]","og_url":"https:\/\/anai-bi.com\/eu\/","og_site_name":"Anai-bi","article_modified_time":"2025-12-19T11:14:19+00:00","og_image":[{"width":1024,"height":683,"url":"https:\/\/anai-bi.com\/wp-content\/uploads\/2025\/12\/ChatGPT-Image-19-de-dez.-de-2025-11_34_09-1024x683.png","type":"image\/png"}],"twitter_card":"summary_large_image","twitter_misc":{"Est. reading time":"1 minutua"},"schema":{"@context":"https:\/\/schema.org","@graph":[{"@type":"WebPage","@id":"https:\/\/anai-bi.com\/","url":"https:\/\/anai-bi.com\/","name":"Inicio - Anai-bi","isPartOf":{"@id":"https:\/\/anai-bi.com\/#website"},"primaryImageOfPage":{"@id":"https:\/\/anai-bi.com\/#primaryimage"},"image":{"@id":"https:\/\/anai-bi.com\/#primaryimage"},"thumbnailUrl":"https:\/\/anai-bi.com\/wp-content\/uploads\/2025\/12\/ChatGPT-Image-19-de-dez.-de-2025-11_34_09.png","datePublished":"2025-12-19T09:16:28+00:00","dateModified":"2025-12-19T11:14:19+00:00","breadcrumb":{"@id":"https:\/\/anai-bi.com\/#breadcrumb"},"inLanguage":"eu","potentialAction":[{"@type":"ReadAction","target":["https:\/\/anai-bi.com\/"]}]},{"@type":"ImageObject","inLanguage":"eu","@id":"https:\/\/anai-bi.com\/#primaryimage","url":"https:\/\/anai-bi.com\/wp-content\/uploads\/2025\/12\/ChatGPT-Image-19-de-dez.-de-2025-11_34_09.png","contentUrl":"https:\/\/anai-bi.com\/wp-content\/uploads\/2025\/12\/ChatGPT-Image-19-de-dez.-de-2025-11_34_09.png"},{"@type":"BreadcrumbList","@id":"https:\/\/anai-bi.com\/#breadcrumb","itemListElement":[{"@type":"ListItem","position":1,"name":"Portada","item":"https:\/\/anai-bi.com\/"},{"@type":"ListItem","position":2,"name":"Inicio"}]},{"@type":"WebSite","@id":"https:\/\/anai-bi.com\/#website","url":"https:\/\/anai-bi.com\/","name":"Anai-bi","description":"","publisher":{"@id":"https:\/\/anai-bi.com\/#organization"},"potentialAction":[{"@type":"SearchAction","target":{"@type":"EntryPoint","urlTemplate":"https:\/\/anai-bi.com\/?s={search_term_string}"},"query-input":{"@type":"PropertyValueSpecification","valueRequired":true,"valueName":"search_term_string"}}],"inLanguage":"eu"},{"@type":"Organization","@id":"https:\/\/anai-bi.com\/#organization","name":"Anai-bi","url":"https:\/\/anai-bi.com\/","logo":{"@type":"ImageObject","inLanguage":"eu","@id":"https:\/\/anai-bi.com\/#\/schema\/logo\/image\/","url":"https:\/\/anai-bi.com\/wp-content\/uploads\/2025\/12\/cropped-baranaibi202506_logoarriba.jpg","contentUrl":"https:\/\/anai-bi.com\/wp-content\/uploads\/2025\/12\/cropped-baranaibi202506_logoarriba.jpg","width":346,"height":222,"caption":"Anai-bi"},"image":{"@id":"https:\/\/anai-bi.com\/#\/schema\/logo\/image\/"}}]}},"_links":{"self":[{"href":"https:\/\/anai-bi.com\/eu\/wp-json\/wp\/v2\/pages\/2","targetHints":{"allow":["GET"]}}],"collection":[{"href":"https:\/\/anai-bi.com\/eu\/wp-json\/wp\/v2\/pages"}],"about":[{"href":"https:\/\/anai-bi.com\/eu\/wp-json\/wp\/v2\/types\/page"}],"author":[{"embeddable":true,"href":"https:\/\/anai-bi.com\/eu\/wp-json\/wp\/v2\/users\/1"}],"replies":[{"embeddable":true,"href":"https:\/\/anai-bi.com\/eu\/wp-json\/wp\/v2\/comments?post=2"}],"version-history":[{"count":34,"href":"https:\/\/anai-bi.com\/eu\/wp-json\/wp\/v2\/pages\/2\/revisions"}],"predecessor-version":[{"id":193,"href":"https:\/\/anai-bi.com\/eu\/wp-json\/wp\/v2\/pages\/2\/revisions\/193"}],"wp:attachment":[{"href":"https:\/\/anai-bi.com\/eu\/wp-json\/wp\/v2\/media?parent=2"}],"curies":[{"name":"wp","href":"https:\/\/api.w.org\/{rel}","templated":true}]}}